{"id":327,"date":"2025-08-05T04:44:55","date_gmt":"2025-08-05T04:44:55","guid":{"rendered":"https:\/\/bdccabos.com\/about\/"},"modified":"2025-08-15T07:27:31","modified_gmt":"2025-08-15T07:27:31","slug":"about","status":"publish","type":"page","link":"https:\/\/bdccabos.com\/?page_id=327","title":{"rendered":"Nosotros"},"content":{"rendered":"\n<div class=\"wp-block-uagb-container uagb-block-cb6f3df6 alignfull uagb-is-root-container\"><div class=\"uagb-container-inner-blocks-wrap\">\n<div class=\"wp-block-uagb-info-box uagb-block-174fd325 uagb-infobox__content-wrap  uagb-infobox-icon-above-title uagb-infobox-image-valign-top wp-block-uagb-info-box--has-margin\"><div class=\"uagb-infobox-margin-wrapper\"><div class=\"uagb-ifb-content\"><div class=\"uagb-ifb-title-wrap\"><h1 class=\"uagb-ifb-title-prefix\"><mark style=\"background-color:rgba(0, 0, 0, 0)\" class=\"has-inline-color has-ast-global-color-4-color\">Biomedical Diagnostic Center<\/mark><\/h1><h3 class=\"uagb-ifb-title\"><mark style=\"background-color:rgba(0, 0, 0, 0)\" class=\"has-inline-color has-ast-global-color-7-color\">Laboratorio Cl\u00ednico<\/mark><\/h3><\/div><\/div><\/div><\/div>\n<\/div><\/div>\n\n\n\n<div class=\"wp-block-uagb-container uag-blocks-common-selector uagb-block-1756e0cc alignfull uagb-is-root-container\"><div class=\"uagb-container-inner-blocks-wrap\">\n<div class=\"wp-block-uagb-info-box uagb-block-7d34615f uagb-infobox__content-wrap  uagb-infobox-icon-above-title uagb-infobox-image-valign-top\"><div class=\"uagb-ifb-content\"><div class=\"uagb-ifb-title-wrap\"><h6 class=\"uagb-ifb-title-prefix\">Somos<\/h6><h2 class=\"uagb-ifb-title\">un centro de diagn\u00f3stico <\/h2><\/div><div class=\"uagb-ifb-separator\"><\/div><\/div><\/div>\n\n\n\n<div class=\"wp-block-uagb-advanced-heading uagb-block-952d2b1b\"><p class=\"uagb-desc-text\">  desarrollado para el an\u00e1lisis de muestras de laboratorio con la m\u00e1s alta tecnolog\u00eda y precisi\u00f3n. Con la finalidad de obtener resultados r\u00e1pidos y confiables, que permitan al m\u00e9dico la pronta y correcta evaluaci\u00f3n para el manejo del paciente.<\/p><div class=\"uagb-separator\"><\/div><\/div>\n\n\n\n<div class=\"wp-block-uagb-advanced-heading uagb-block-91e88d01\"><div class=\"uagb-separator\"><\/div><\/div>\n\n\n\n<div class=\"wp-block-uagb-container uagb-block-d60434b8 alignfull uagb-is-root-container\"><div class=\"uagb-container-inner-blocks-wrap\">\n<div class=\"wp-block-uagb-info-box uagb-block-968ba4c5 uagb-infobox__content-wrap  uagb-infobox-icon-above-title uagb-infobox-image-valign-top\"><div class=\"uagb-ifb-content\"><div class=\"uagb-ifb-title-wrap\"><h6 class=\"uagb-ifb-title-prefix\">Nuestra Visi\u00f3n<\/h6><h3 class=\"uagb-ifb-title\"><mark style=\"background-color:rgba(0, 0, 0, 0)\" class=\"has-inline-color has-ast-global-color-3-color\">Ser el laboratorio de referencia en la regi\u00f3n por nuestra precisi\u00f3n, innovaci\u00f3n y acompa\u00f1amiento personalizado.<\/mark><\/h3><\/div><\/div><\/div>\n\n\n\n<div class=\"wp-block-uagb-info-box uagb-block-3a868227 uagb-infobox__content-wrap  uagb-infobox-icon-above-title uagb-infobox-image-valign-top\"><div class=\"uagb-ifb-content\"><div class=\"uagb-ifb-title-wrap\"><h6 class=\"uagb-ifb-title-prefix\">Nuestra Misi\u00f3n<\/h6><h3 class=\"uagb-ifb-title\"><mark style=\"background-color:rgba(0, 0, 0, 0)\" class=\"has-inline-color has-ast-global-color-3-color\">Proporcionar servicios de diagn\u00f3stico cl\u00ednico fomentando la cultura de la prevenci\u00f3n y el cuidado integral de la salud.<\/mark><\/h3><\/div><\/div><\/div>\n<\/div><\/div>\n\n\n\n<div class=\"wp-block-uagb-container uag-blocks-common-selector uagb-block-ebaa6522\">\n<div class=\"wp-block-uagb-image uagb-block-163870a3 wp-block-uagb-image--layout-default wp-block-uagb-image--effect-static wp-block-uagb-image--align-none\"><figure class=\"wp-block-uagb-image__figure\"><img decoding=\"async\" srcset=\"https:\/\/bdccabos.com\/wp-content\/uploads\/2025\/08\/5-1024x576.png ,https:\/\/bdccabos.com\/wp-content\/uploads\/2025\/08\/5.png 780w, https:\/\/bdccabos.com\/wp-content\/uploads\/2025\/08\/5.png 360w\" sizes=\"auto, (max-width: 480px) 150px\" src=\"https:\/\/bdccabos.com\/wp-content\/uploads\/2025\/08\/5-1024x576.png\" alt=\"5\" class=\"uag-image-2428\" width=\"1024\" height=\"576\" title=\"5\" loading=\"lazy\" role=\"img\"\/><\/figure><\/div>\n<\/div>\n<\/div><\/div>\n\n\n\n<div class=\"wp-block-uagb-container uag-blocks-common-selector uagb-block-97762f89 alignfull uagb-is-root-container\"><div class=\"uagb-container-inner-blocks-wrap\">\n<div class=\"wp-block-uagb-container uagb-block-f1722357 default uagb-is-root-container\">\n<div class=\"wp-block-uagb-container uagb-block-d7112858\">\n<div class=\"wp-block-uagb-info-box uagb-block-af7b58d3 uagb-infobox__content-wrap  uagb-infobox-icon-above-title uagb-infobox-image-valign-top\"><div class=\"uagb-ifb-content\"><div class=\"uagb-ifb-title-wrap\"><h6 class=\"uagb-ifb-title-prefix\">Lo que nos hace \u00fanicos<\/h6><h3 class=\"uagb-ifb-title\"><mark style=\"background-color:rgba(0, 0, 0, 0)\" class=\"has-inline-color has-ast-global-color-3-color\">combinamos tecnolog\u00eda de precisi\u00f3n con un trato humano excepcional.<\/mark><\/h3><\/div><\/div><\/div>\n<\/div>\n\n\n\n<div class=\"wp-block-uagb-container uagb-layout-grid uagb-block-d310420e\">\n<div class=\"wp-block-uagb-info-box uagb-block-25cfb66f uagb-infobox__content-wrap  uagb-infobox-icon-left uagb-infobox-left uagb-infobox-image-valign-top wp-block-uagb-info-box--has-margin\"><div class=\"uagb-infobox-margin-wrapper\"><div class=\"uagb-ifb-icon-wrap\"><svg xmlns=\"https:\/\/www.w3.org\/2000\/svg\" viewBox=\"0 0 496 512\"><path d=\"M248 8C111.1 8 0 119.1 0 256s111.1 248 248 248 248-111.1 248-248S384.9 8 248 8zm114.6 226.4l-113 152.7-112.7-152.7c-8.7-11.9-19.1-50.4 13.6-72 28.1-18.1 54.6-4.2 68.5 11.9 15.9 17.9 46.6 16.9 61.7 0 13.9-16.1 40.4-30 68.1-11.9 32.9 21.6 22.6 60 13.8 72z\"><\/path><\/svg><\/div><div class=\"uagb-ifb-content\"><div class=\"uagb-ifb-title-wrap\"><h4 class=\"uagb-ifb-title\">Atenci\u00f3n c\u00e1lida<\/h4><\/div><p class=\"uagb-ifb-desc\">M\u00e1s all\u00e1 de la bata y los equipos, te escuchamos, te explicamos y te acompa\u00f1amos para que comprendas cada detalle de tus estudios.<\/p><\/div><\/div><\/div>\n\n\n\n<div class=\"wp-block-uagb-info-box uagb-block-0446ccd4 uagb-infobox__content-wrap  uagb-infobox-icon-left uagb-infobox-left uagb-infobox-image-valign-top wp-block-uagb-info-box--has-margin\"><div class=\"uagb-infobox-margin-wrapper\"><div class=\"uagb-ifb-icon-wrap\"><svg xmlns=\"https:\/\/www.w3.org\/2000\/svg\" viewBox=\"0 0 512 512\"><path d=\"M288 256C288 273.7 273.7 288 256 288C238.3 288 224 273.7 224 256C224 238.3 238.3 224 256 224C273.7 224 288 238.3 288 256zM112 256C112 176.5 176.5 112 256 112C335.5 112 400 176.5 400 256C400 335.5 335.5 400 256 400C176.5 400 112 335.5 112 256zM256 336C300.2 336 336 300.2 336 256C336 211.8 300.2 176 256 176C211.8 176 176 211.8 176 256C176 300.2 211.8 336 256 336zM512 256C512 397.4 397.4 512 256 512C114.6 512 0 397.4 0 256C0 114.6 114.6 0 256 0C397.4 0 512 114.6 512 256zM256 64C149.1 64 64 149.1 64 256C64 362 149.1 448 256 448C362 448 448 362 448 256C448 149.1 362 64 256 64z\"><\/path><\/svg><\/div><div class=\"uagb-ifb-content\"><div class=\"uagb-ifb-title-wrap\"><h4 class=\"uagb-ifb-title\">Precisi\u00f3n que da confianza<\/h4><\/div><p class=\"uagb-ifb-desc\">Utilizamos tecnolog\u00eda de \u00faltima generaci\u00f3n y protocolos estandarizados para asegurar que cada resultado sea exacto y confiable.<\/p><\/div><\/div><\/div>\n\n\n\n<div class=\"wp-block-uagb-info-box uagb-block-0c6833dd uagb-infobox__content-wrap  uagb-infobox-icon-left uagb-infobox-left uagb-infobox-image-valign-top\"><div class=\"uagb-ifb-icon-wrap\"><svg xmlns=\"https:\/\/www.w3.org\/2000\/svg\" viewBox=\"0 0 576 512\"><path d=\"M272 0C298.5 0 320 21.49 320 48V367.8C281.8 389.2 256 430 256 476.9C256 489.8 259.6 501.8 265.9 512H48C21.49 512 0 490.5 0 464V384H144C152.8 384 160 376.8 160 368C160 359.2 152.8 352 144 352H0V288H144C152.8 288 160 280.8 160 272C160 263.2 152.8 256 144 256H0V48C0 21.49 21.49 0 48 0H272zM152 64C143.2 64 136 71.16 136 80V104H112C103.2 104 96 111.2 96 120V136C96 144.8 103.2 152 112 152H136V176C136 184.8 143.2 192 152 192H168C176.8 192 184 184.8 184 176V152H208C216.8 152 224 144.8 224 136V120C224 111.2 216.8 104 208 104H184V80C184 71.16 176.8 64 168 64H152zM512 272C512 316.2 476.2 352 432 352C387.8 352 352 316.2 352 272C352 227.8 387.8 192 432 192C476.2 192 512 227.8 512 272zM288 477.1C288 425.7 329.7 384 381.1 384H482.9C534.3 384 576 425.7 576 477.1C576 496.4 560.4 512 541.1 512H322.9C303.6 512 288 496.4 288 477.1V477.1z\"><\/path><\/svg><\/div><div class=\"uagb-ifb-content\"><div class=\"uagb-ifb-title-wrap\"><h4 class=\"uagb-ifb-title\">Personal altamente calificado<\/h4><\/div><p class=\"uagb-ifb-desc\">Contamos con colaboradores especializados, listos para interpretar y acompa\u00f1arte en cada paso.<\/p><\/div><\/div>\n\n\n\n<div class=\"wp-block-uagb-info-box uagb-block-051f776d uagb-infobox__content-wrap  uagb-infobox-icon-left uagb-infobox-left uagb-infobox-image-valign-top\"><div class=\"uagb-ifb-icon-wrap\"><svg xmlns=\"https:\/\/www.w3.org\/2000\/svg\" viewBox=\"0 0 512 512\"><path d=\"M160 320h12v16c0 8.875 7.125 16 16 16h40c8.875 0 16-7.125 16-16V320H256c17.62 0 32-14.38 32-32V64c0-17.62-14.38-32-32-32V16C256 7.125 248.9 0 240 0h-64C167.1 0 160 7.125 160 16V32C142.4 32 128 46.38 128 64v224C128 305.6 142.4 320 160 320zM464 448h-1.25C493.2 414 512 369.2 512 320c0-105.9-86.13-192-192-192v64c70.63 0 128 57.38 128 128s-57.38 128-128 128H48C21.5 448 0 469.5 0 496C0 504.9 7.125 512 16 512h480c8.875 0 16-7.125 16-16C512 469.5 490.5 448 464 448zM104 416h208c4.375 0 8-3.625 8-8v-16c0-4.375-3.625-8-8-8h-208C99.63 384 96 387.6 96 392v16C96 412.4 99.63 416 104 416z\"><\/path><\/svg><\/div><div class=\"uagb-ifb-content\"><div class=\"uagb-ifb-title-wrap\"><h4 class=\"uagb-ifb-title\">Amplia gama de estudios especializados<\/h4><\/div><p class=\"uagb-ifb-desc\">Estudios desde an\u00e1lisis rutinarios hasta diagn\u00f3sticos microbiol\u00f3gicos complejos.<\/p><\/div><\/div>\n<\/div>\n<\/div>\n\n\n\n<div class=\"wp-block-uagb-advanced-heading uagb-block-40073b11\"><h2 class=\"uagb-heading-text\">Empresas y Marcas con las que Trabajamos<\/h2><\/div>\n\n\n\n<p>creemos que la calidad de los resultados comienza con la calidad de los insumos y equipos que utilizamos.<br>Por eso trabajamos \u00fanicamente con <strong>marcas reconocidas a nivel internacional<\/strong>, que garantizan precisi\u00f3n, confiabilidad y cumplimiento con los m\u00e1s altos est\u00e1ndares de la industria.<\/p>\n\n\n\n<div class=\"wp-block-uagb-container uagb-block-5a0c9455\">\t\t\t\t\t<div\n\t\t\t\t\t\tclass=\"wp-block-uagb-image-gallery uagb-block-53c35d2d     \"\n\t\t\t\t\t\tstyle=\"\"\n\t\t\t\t\t>\n\t\t\t\t\t\t\t\t\t\t\t<div class=\"spectra-image-gallery spectra-image-gallery__layout--carousel\">\n\t\t\t\t\t\t\t\t<div class=\"uagb-slick-carousel uagb-block-53c35d2d\">\n\t\t\t\t\t\t\t\t\t\t\t\t<div class='spectra-image-gallery__media-wrapper' data-spectra-gallery-image-id='2436'>\n\t\t\t\t\t\t\t<div class=\"spectra-image-gallery__media spectra-image-gallery__media--carousel\">\n\t\t\t\t<picture>\n\t\t\t\t\t<source media=\"(min-width: 1024px)\" srcset=\"https:\/\/bdccabos.com\/wp-content\/uploads\/2025\/08\/Abbott-1.png\">\n\t\t\t\t\t<source media=\"(min-width: 768px)\" srcset=\"https:\/\/bdccabos.com\/wp-content\/uploads\/2025\/08\/Abbott-1.png\">\n\t\t\t\t\t<img decoding=\"async\" class=\"spectra-image-gallery__media-thumbnail spectra-image-gallery__media-thumbnail--carousel\" src=\"https:\/\/bdccabos.com\/wp-content\/uploads\/2025\/08\/Abbott-1-300x300.png\" alt=\"abbott\" loading=\"lazy\" title=\"Nosotros\">\n\t\t\t\t<\/picture>\n\t\t\t\t<div class=\"spectra-image-gallery__media-thumbnail-blurrer\"><\/div>\n\t\t\t\t\t\t\t\t\t\t\t<div class=\"spectra-image-gallery__media-thumbnail-caption-wrapper spectra-image-gallery__media-thumbnail-caption-wrapper--overlay\"><\/div>\n\t\t\t\t\t\t\t\t<\/div>\n\t\t\t\t\t\t<\/div>\n\t\t\t\t\t\t<div class='spectra-image-gallery__media-wrapper' data-spectra-gallery-image-id='2437'>\n\t\t\t\t\t\t\t<div class=\"spectra-image-gallery__media spectra-image-gallery__media--carousel\">\n\t\t\t\t<picture>\n\t\t\t\t\t<source media=\"(min-width: 1024px)\" srcset=\"https:\/\/bdccabos.com\/wp-content\/uploads\/2025\/08\/Coulter-1.png\">\n\t\t\t\t\t<source media=\"(min-width: 768px)\" srcset=\"https:\/\/bdccabos.com\/wp-content\/uploads\/2025\/08\/Coulter-1.png\">\n\t\t\t\t\t<img decoding=\"async\" class=\"spectra-image-gallery__media-thumbnail spectra-image-gallery__media-thumbnail--carousel\" src=\"https:\/\/bdccabos.com\/wp-content\/uploads\/2025\/08\/Coulter-1-300x300.png\" alt=\"coulter\" loading=\"lazy\" title=\"Nosotros\">\n\t\t\t\t<\/picture>\n\t\t\t\t<div class=\"spectra-image-gallery__media-thumbnail-blurrer\"><\/div>\n\t\t\t\t\t\t\t\t\t\t\t<div class=\"spectra-image-gallery__media-thumbnail-caption-wrapper spectra-image-gallery__media-thumbnail-caption-wrapper--overlay\"><\/div>\n\t\t\t\t\t\t\t\t<\/div>\n\t\t\t\t\t\t<\/div>\n\t\t\t\t\t\t<div class='spectra-image-gallery__media-wrapper' data-spectra-gallery-image-id='2438'>\n\t\t\t\t\t\t\t<div class=\"spectra-image-gallery__media spectra-image-gallery__media--carousel\">\n\t\t\t\t<picture>\n\t\t\t\t\t<source media=\"(min-width: 1024px)\" srcset=\"https:\/\/bdccabos.com\/wp-content\/uploads\/2025\/08\/MERCK-1.png\">\n\t\t\t\t\t<source media=\"(min-width: 768px)\" srcset=\"https:\/\/bdccabos.com\/wp-content\/uploads\/2025\/08\/MERCK-1.png\">\n\t\t\t\t\t<img decoding=\"async\" class=\"spectra-image-gallery__media-thumbnail spectra-image-gallery__media-thumbnail--carousel\" src=\"https:\/\/bdccabos.com\/wp-content\/uploads\/2025\/08\/MERCK-1-300x300.png\" alt=\"merck\" loading=\"lazy\" title=\"Nosotros\">\n\t\t\t\t<\/picture>\n\t\t\t\t<div class=\"spectra-image-gallery__media-thumbnail-blurrer\"><\/div>\n\t\t\t\t\t\t\t\t\t\t\t<div class=\"spectra-image-gallery__media-thumbnail-caption-wrapper spectra-image-gallery__media-thumbnail-caption-wrapper--overlay\"><\/div>\n\t\t\t\t\t\t\t\t<\/div>\n\t\t\t\t\t\t<\/div>\n\t\t\t\t\t\t<div class='spectra-image-gallery__media-wrapper' data-spectra-gallery-image-id='2439'>\n\t\t\t\t\t\t\t<div class=\"spectra-image-gallery__media spectra-image-gallery__media--carousel\">\n\t\t\t\t<picture>\n\t\t\t\t\t<source media=\"(min-width: 1024px)\" srcset=\"https:\/\/bdccabos.com\/wp-content\/uploads\/2025\/08\/Roche-1.png\">\n\t\t\t\t\t<source media=\"(min-width: 768px)\" srcset=\"https:\/\/bdccabos.com\/wp-content\/uploads\/2025\/08\/Roche-1.png\">\n\t\t\t\t\t<img decoding=\"async\" class=\"spectra-image-gallery__media-thumbnail spectra-image-gallery__media-thumbnail--carousel\" src=\"https:\/\/bdccabos.com\/wp-content\/uploads\/2025\/08\/Roche-1-300x300.png\" alt=\"roche\" loading=\"lazy\" title=\"Nosotros\">\n\t\t\t\t<\/picture>\n\t\t\t\t<div class=\"spectra-image-gallery__media-thumbnail-blurrer\"><\/div>\n\t\t\t\t\t\t\t\t\t\t\t<div class=\"spectra-image-gallery__media-thumbnail-caption-wrapper spectra-image-gallery__media-thumbnail-caption-wrapper--overlay\"><\/div>\n\t\t\t\t\t\t\t\t<\/div>\n\t\t\t\t\t\t<\/div>\n\t\t\t\t\t\t<div class='spectra-image-gallery__media-wrapper' data-spectra-gallery-image-id='54'>\n\t\t\t\t\t\t\t<div class=\"spectra-image-gallery__media spectra-image-gallery__media--carousel\">\n\t\t\t\t<picture>\n\t\t\t\t\t<source media=\"(min-width: 1024px)\" srcset=\"https:\/\/bdccabos.com\/wp-content\/uploads\/2020\/09\/logo-01-free-img.png\">\n\t\t\t\t\t<source media=\"(min-width: 768px)\" srcset=\"https:\/\/bdccabos.com\/wp-content\/uploads\/2020\/09\/logo-01-free-img.png\">\n\t\t\t\t\t<img decoding=\"async\" class=\"spectra-image-gallery__media-thumbnail spectra-image-gallery__media-thumbnail--carousel\" src=\"https:\/\/bdccabos.com\/wp-content\/uploads\/2020\/09\/logo-01-free-img.png\" alt=\"business insider\" loading=\"lazy\" title=\"Nosotros\">\n\t\t\t\t<\/picture>\n\t\t\t\t<div class=\"spectra-image-gallery__media-thumbnail-blurrer\"><\/div>\n\t\t\t\t\t\t\t\t\t\t\t<div class=\"spectra-image-gallery__media-thumbnail-caption-wrapper spectra-image-gallery__media-thumbnail-caption-wrapper--overlay\"><\/div>\n\t\t\t\t\t\t\t\t<\/div>\n\t\t\t\t\t\t<\/div>\n\t\t\t\t\t\t\t\t\t\t\t<\/div>\n\t\t\t\t\t\t\t<\/div>\n\t\t\t\t\t\t\t\t\t\t\t<\/div>\n\t\t\t\t\t\t\t\t\t<\/div>\n<\/div><\/div>\n\n\n\n<div class=\"wp-block-uagb-container uagb-block-95dfdde7 alignfull uagb-is-root-container\"><div class=\"uagb-container-inner-blocks-wrap\">\n<div class=\"wp-block-uagb-container uagb-block-3302537b\">\n<div class=\"wp-block-uagb-info-box uagb-block-60f46c42 uagb-infobox__content-wrap  uagb-infobox-icon-above-title uagb-infobox-image-valign-top wp-block-uagb-info-box--has-margin\"><div class=\"uagb-infobox-margin-wrapper\"><div class=\"uagb-ifb-content\"><div class=\"uagb-ifb-title-wrap\"><h5 class=\"uagb-ifb-title-prefix\"><strong>Toma el control de tu salud hoy mismo.<\/strong><\/h5><h1 class=\"uagb-ifb-title\">Agenda tu estudio y descubre el poder de la prevenci\u00f3n.<\/h1><\/div><div class=\"uagb-ifb-button-wrapper wp-block-button\"><a href=\"#\" class=\"uagb-infobox-cta-link wp-block-button__link\" target=\"_self\" rel=\"noopener noreferrer\" onclick=\"return false;\"><span class=\"uagb-inline-editing\">\u00a1Agendar Visita!<\/span><\/a><\/div><\/div><\/div><\/div>\n<\/div>\n<\/div><\/div>\n","protected":false},"excerpt":{"rendered":"<p>desarrollado para el an\u00e1lisis de muestras de laboratorio con la m\u00e1s alta tecnolog\u00eda y precisi\u00f3n. Con la finalidad de obtener resultados r\u00e1pidos y confiables, que permitan al m\u00e9dico la pronta y correcta evaluaci\u00f3n para el manejo del paciente. Empresas y Marcas con las que Trabajamos creemos que la calidad de los resultados comienza con la [&hellip;]<\/p>\n","protected":false},"author":1,"featured_media":0,"parent":0,"menu_order":0,"comment_status":"closed","ping_status":"closed","template":"","meta":{"_uag_custom_page_level_css":"","site-sidebar-layout":"no-sidebar","site-content-layout":"page-builder","ast-site-content-layout":"full-width-container","site-content-style":"unboxed","site-sidebar-style":"unboxed","ast-global-header-display":"","ast-banner-title-visibility":"","ast-main-header-display":"","ast-hfb-above-header-display":"","ast-hfb-below-header-display":"","ast-hfb-mobile-header-display":"","site-post-title":"disabled","ast-breadcrumbs-content":"","ast-featured-img":"disabled","footer-sml-layout":"","ast-disable-related-posts":"","theme-transparent-header-meta":"enabled","adv-header-id-meta":"","stick-header-meta":"","header-above-stick-meta":"","header-main-stick-meta":"","header-below-stick-meta":"","astra-migrate-meta-layouts":"set","ast-page-background-enabled":"default","ast-page-background-meta":{"desktop":{"background-color":"","background-image":"","background-repeat":"repeat","background-position":"center center","background-size":"auto","background-attachment":"scroll","background-type":"","background-media":"","overlay-type":"","overlay-color":"","overlay-opacity":"","overlay-gradient":""},"tablet":{"background-color":"","background-image":"","background-repeat":"repeat","background-position":"center center","background-size":"auto","background-attachment":"scroll","background-type":"","background-media":"","overlay-type":"","overlay-color":"","overlay-opacity":"","overlay-gradient":""},"mobile":{"background-color":"","background-image":"","background-repeat":"repeat","background-position":"center center","background-size":"auto","background-attachment":"scroll","background-type":"","background-media":"","overlay-type":"","overlay-color":"","overlay-opacity":"","overlay-gradient":""}},"ast-content-background-meta":{"desktop":{"background-color":"var(--ast-global-color-5)","background-image":"","background-repeat":"repeat","background-position":"center center","background-size":"auto","background-attachment":"scroll","background-type":"","background-media":"","overlay-type":"","overlay-color":"","overlay-opacity":"","overlay-gradient":""},"tablet":{"background-color":"var(--ast-global-color-5)","background-image":"","background-repeat":"repeat","background-position":"center center","background-size":"auto","background-attachment":"scroll","background-type":"","background-media":"","overlay-type":"","overlay-color":"","overlay-opacity":"","overlay-gradient":""},"mobile":{"background-color":"var(--ast-global-color-5)","background-image":"","background-repeat":"repeat","background-position":"center center","background-size":"auto","background-attachment":"scroll","background-type":"","background-media":"","overlay-type":"","overlay-color":"","overlay-opacity":"","overlay-gradient":""}},"footnotes":""},"class_list":["post-327","page","type-page","status-publish","hentry"],"uagb_featured_image_src":{"full":false,"thumbnail":false,"medium":false,"medium_large":false,"large":false,"1536x1536":false,"2048x2048":false},"uagb_author_info":{"display_name":"BDC","author_link":"https:\/\/bdccabos.com\/?author=1"},"uagb_comment_info":0,"uagb_excerpt":"desarrollado para el an\u00e1lisis de muestras de laboratorio con la m\u00e1s alta tecnolog\u00eda y precisi\u00f3n. Con la finalidad de obtener resultados r\u00e1pidos y confiables, que permitan al m\u00e9dico la pronta y correcta evaluaci\u00f3n para el manejo del paciente. Empresas y Marcas con las que Trabajamos creemos que la calidad de los resultados comienza con la&hellip;","_links":{"self":[{"href":"https:\/\/bdccabos.com\/index.php?rest_route=\/wp\/v2\/pages\/327","targetHints":{"allow":["GET"]}}],"collection":[{"href":"https:\/\/bdccabos.com\/index.php?rest_route=\/wp\/v2\/pages"}],"about":[{"href":"https:\/\/bdccabos.com\/index.php?rest_route=\/wp\/v2\/types\/page"}],"author":[{"embeddable":true,"href":"https:\/\/bdccabos.com\/index.php?rest_route=\/wp\/v2\/users\/1"}],"replies":[{"embeddable":true,"href":"https:\/\/bdccabos.com\/index.php?rest_route=%2Fwp%2Fv2%2Fcomments&post=327"}],"version-history":[{"count":8,"href":"https:\/\/bdccabos.com\/index.php?rest_route=\/wp\/v2\/pages\/327\/revisions"}],"predecessor-version":[{"id":2498,"href":"https:\/\/bdccabos.com\/index.php?rest_route=\/wp\/v2\/pages\/327\/revisions\/2498"}],"wp:attachment":[{"href":"https:\/\/bdccabos.com\/index.php?rest_route=%2Fwp%2Fv2%2Fmedia&parent=327"}],"curies":[{"name":"wp","href":"https:\/\/api.w.org\/{rel}","templated":true}]}}